{"id":98,"date":"2016-12-06T09:21:02","date_gmt":"2016-12-06T08:21:02","guid":{"rendered":"http:\/\/www.bueroservice-wendel.de\/?page_id=98"},"modified":"2016-12-06T09:55:18","modified_gmt":"2016-12-06T08:55:18","slug":"das-zweite-standbein","status":"publish","type":"page","link":"https:\/\/www.bueroservice-wendel.de\/?page_id=98","title":{"rendered":"Das zweite Standbein"},"content":{"rendered":"<p>Seit 2012 f\u00fchre ich mit meinem Partner Mirko Marenke Juniorkrimis in verschiedenen St\u00e4dten Deutschlands durch. Ab dem 01.01.2017 erstmalig mit ihm in kompletter Eigenregie. Die neue Firma hei\u00dft Krimi &amp; Event. Ab Herbst 2017 werden wir auch wieder den beliebten Dinner-Krimi auf Gut Wahnbek durchf\u00fchren. Weitere Informationen finden Sie ab 01.01.2017 auf der Seite krimi-und-event.de.<\/p>\n<p>Ich w\u00fcrde mich freuen, wenn Sie mal reinschauen w\u00fcrden!<\/p>\n","protected":false},"excerpt":{"rendered":"<p>Seit 2012 f\u00fchre ich mit meinem Partner Mirko Marenke Juniorkrimis in verschiedenen St\u00e4dten Deutschlands durch. Ab dem 01.01.2017 erstmalig mit ihm in kompletter Eigenregie. Die neue Firma hei\u00dft Krimi &amp; Event. Ab Herbst 2017 werden wir auch wieder den beliebten Dinner-Krimi auf Gut Wahnbek durchf\u00fchren. Weitere Informationen finden Sie ab \u2026 <a class=\"continue-reading-link\" href=\"https:\/\/www.bueroservice-wendel.de\/?page_id=98\"> Continue reading <span class=\"meta-nav\">&rarr; <\/span><\/a><\/p>\n","protected":false},"author":1,"featured_media":0,"parent":0,"menu_order":0,"comment_status":"closed","ping_status":"closed","template":"","meta":[],"_links":{"self":[{"href":"https:\/\/www.bueroservice-wendel.de\/index.php?rest_route=\/wp\/v2\/pages\/98"}],"collection":[{"href":"https:\/\/www.bueroservice-wendel.de\/index.php?rest_route=\/wp\/v2\/pages"}],"about":[{"href":"https:\/\/www.bueroservice-wendel.de\/index.php?rest_route=\/wp\/v2\/types\/page"}],"author":[{"embeddable":true,"href":"https:\/\/www.bueroservice-wendel.de\/index.php?rest_route=\/wp\/v2\/users\/1"}],"replies":[{"embeddable":true,"href":"https:\/\/www.bueroservice-wendel.de\/index.php?rest_route=%2Fwp%2Fv2%2Fcomments&post=98"}],"version-history":[{"count":1,"href":"https:\/\/www.bueroservice-wendel.de\/index.php?rest_route=\/wp\/v2\/pages\/98\/revisions"}],"predecessor-version":[{"id":99,"href":"https:\/\/www.bueroservice-wendel.de\/index.php?rest_route=\/wp\/v2\/pages\/98\/revisions\/99"}],"wp:attachment":[{"href":"https:\/\/www.bueroservice-wendel.de\/index.php?rest_route=%2Fwp%2Fv2%2Fmedia&parent=98"}],"curies":[{"name":"wp","href":"https:\/\/api.w.org\/{rel}","templated":true}]}}