{"id":9,"date":"2014-08-07T12:01:40","date_gmt":"2014-08-07T10:01:40","guid":{"rendered":"http:\/\/www.bueroservice-wendel.de\/?page_id=9"},"modified":"2015-06-17T16:18:59","modified_gmt":"2015-06-17T14:18:59","slug":"leistungen","status":"publish","type":"page","link":"https:\/\/www.bueroservice-wendel.de\/?page_id=9","title":{"rendered":"Leistungen"},"content":{"rendered":"<p style=\"text-align: center;\"><strong><a href=\"http:\/\/www.bueroservice-wendel.de\/wp-content\/uploads\/2014\/08\/Fotolia_78660277_XS.jpg\"><img loading=\"lazy\" class=\" size-full wp-image-67 aligncenter\" src=\"http:\/\/www.bueroservice-wendel.de\/wp-content\/uploads\/2014\/08\/Fotolia_78660277_XS.jpg\" alt=\"Fotolia_78660277_XS\" width=\"424\" height=\"283\" srcset=\"https:\/\/www.bueroservice-wendel.de\/wp-content\/uploads\/2014\/08\/Fotolia_78660277_XS.jpg 424w, https:\/\/www.bueroservice-wendel.de\/wp-content\/uploads\/2014\/08\/Fotolia_78660277_XS-300x200.jpg 300w, https:\/\/www.bueroservice-wendel.de\/wp-content\/uploads\/2014\/08\/Fotolia_78660277_XS-225x150.jpg 225w, https:\/\/www.bueroservice-wendel.de\/wp-content\/uploads\/2014\/08\/Fotolia_78660277_XS-150x100.jpg 150w\" sizes=\"(max-width: 424px) 100vw, 424px\" \/><\/a><\/strong><\/p>\n<p>&nbsp;<\/p>\n<p style=\"text-align: center;\"><strong>Meine Leistungen<\/strong><\/p>\n<p style=\"text-align: center;\"><strong>Schreibarbeiten aller Art<\/strong><\/p>\n<p style=\"text-align: center;\">sowie<\/p>\n<p style=\"text-align: center;\">Systematisierte Ablagesysteme<\/p>\n<p style=\"text-align: center;\">Reiseorganisationsvorbereitungen (Buchungen etc.)<\/p>\n<p style=\"text-align: center;\">Angebotserstellung<\/p>\n<p style=\"text-align: center;\">Ablauforganisation<\/p>\n<p style=\"text-align: center;\">Rechnungserstellung<\/p>\n<p style=\"text-align: center;\">Rechnungspr\u00fcfung<\/p>\n<p style=\"text-align: center;\">Mahnwesen<\/p>\n<p style=\"text-align: center;\">Konferenzvorbereitungen und Begleitung (Protokolle)<\/p>\n<p style=\"text-align: center;\">Zahlungsverkehr<\/p>\n<p style=\"text-align: center;\">Korrekturarbeiten<\/p>\n<p style=\"text-align: center;\">Gesamte Korrespondenz inklusive Botenfahrten (Post etc.)<\/p>\n<p style=\"text-align: center;\">uvm.<\/p>\n<p><strong>Nicht durchgef\u00fchrt<\/strong> werden k\u00f6nnen Telefondienste und Postannahme sowie Buchf\u00fchrungsarbeiten.<\/p>\n<p><strong>Abwicklung:<\/strong><\/p>\n<p>Spezialisiert bin ich auf<strong>\u00a0psychiatrische, psychologische und\u00a0juristische Nomenklatur<\/strong>.<\/p>\n<p>F\u00fcr Schreibarbeiten k\u00f6nnen Ihre <strong>Vorgaben<\/strong> als Dokumente (handschriftlich), als Phonodiktate (sowohl Phillips als auch Grundig-Ger\u00e4te vorhanden) oder als Sprach-Dateien zur Verf\u00fcgung gestellt werden.<\/p>\n<p>Arbeiten werden immer mit\u00a0<strong>Terminabsprachen<\/strong> durchgef\u00fchrt, das\u00a0garantiert Ihnen einen reibungslosen sowie st\u00f6rungsfreien Ablauf sowie Planungssicherheit.<\/p>\n<p>Mein Service steht Ihnen <strong>bundesweit<\/strong> zur\u00a0Verf\u00fcgung, wenn sich die <strong>Arbeiten per\u00a0Fax, Email oder auf dem postalischen Weg<\/strong> abwickeln lassen. <strong>Pers\u00f6nlicher Kontakt ist m\u00f6glich in einem Umkreis von 20 km um 26121 Oldenburg<\/strong>.<\/p>\n","protected":false},"excerpt":{"rendered":"<p>&nbsp; Meine Leistungen Schreibarbeiten aller Art sowie Systematisierte Ablagesysteme Reiseorganisationsvorbereitungen (Buchungen etc.) Angebotserstellung Ablauforganisation Rechnungserstellung Rechnungspr\u00fcfung Mahnwesen Konferenzvorbereitungen und Begleitung (Protokolle) Zahlungsverkehr Korrekturarbeiten Gesamte Korrespondenz inklusive Botenfahrten (Post etc.) uvm. Nicht durchgef\u00fchrt werden k\u00f6nnen Telefondienste und Postannahme sowie Buchf\u00fchrungsarbeiten. Abwicklung: Spezialisiert bin ich auf\u00a0psychiatrische, psychologische und\u00a0juristische Nomenklatur. F\u00fcr Schreibarbeiten k\u00f6nnen \u2026 <a class=\"continue-reading-link\" href=\"https:\/\/www.bueroservice-wendel.de\/?page_id=9\"> Continue reading <span class=\"meta-nav\">&rarr; <\/span><\/a><\/p>\n","protected":false},"author":1,"featured_media":0,"parent":0,"menu_order":0,"comment_status":"closed","ping_status":"closed","template":"","meta":[],"_links":{"self":[{"href":"https:\/\/www.bueroservice-wendel.de\/index.php?rest_route=\/wp\/v2\/pages\/9"}],"collection":[{"href":"https:\/\/www.bueroservice-wendel.de\/index.php?rest_route=\/wp\/v2\/pages"}],"about":[{"href":"https:\/\/www.bueroservice-wendel.de\/index.php?rest_route=\/wp\/v2\/types\/page"}],"author":[{"embeddable":true,"href":"https:\/\/www.bueroservice-wendel.de\/index.php?rest_route=\/wp\/v2\/users\/1"}],"replies":[{"embeddable":true,"href":"https:\/\/www.bueroservice-wendel.de\/index.php?rest_route=%2Fwp%2Fv2%2Fcomments&post=9"}],"version-history":[{"count":9,"href":"https:\/\/www.bueroservice-wendel.de\/index.php?rest_route=\/wp\/v2\/pages\/9\/revisions"}],"predecessor-version":[{"id":77,"href":"https:\/\/www.bueroservice-wendel.de\/index.php?rest_route=\/wp\/v2\/pages\/9\/revisions\/77"}],"wp:attachment":[{"href":"https:\/\/www.bueroservice-wendel.de\/index.php?rest_route=%2Fwp%2Fv2%2Fmedia&parent=9"}],"curies":[{"name":"wp","href":"https:\/\/api.w.org\/{rel}","templated":true}]}}