{"id":4,"date":"2014-08-07T11:50:30","date_gmt":"2014-08-07T09:50:30","guid":{"rendered":"http:\/\/www.bueroservice-wendel.de\/?page_id=4"},"modified":"2015-06-17T16:04:38","modified_gmt":"2015-06-17T14:04:38","slug":"bueroservice-wendel","status":"publish","type":"page","link":"https:\/\/www.bueroservice-wendel.de\/","title":{"rendered":"B\u00fcroservice Wendel"},"content":{"rendered":"<p><a href=\"http:\/\/www.bueroservice-wendel.de\/wp-content\/uploads\/2014\/08\/Fotolia_61787790_XS.jpg\"><img loading=\"lazy\" class=\"alignleft wp-image-64 size-full\" src=\"http:\/\/www.bueroservice-wendel.de\/wp-content\/uploads\/2014\/08\/Fotolia_61787790_XS.jpg\" alt=\"Fotolia_61787790_XS\" width=\"424\" height=\"283\" srcset=\"https:\/\/www.bueroservice-wendel.de\/wp-content\/uploads\/2014\/08\/Fotolia_61787790_XS.jpg 424w, https:\/\/www.bueroservice-wendel.de\/wp-content\/uploads\/2014\/08\/Fotolia_61787790_XS-300x200.jpg 300w, https:\/\/www.bueroservice-wendel.de\/wp-content\/uploads\/2014\/08\/Fotolia_61787790_XS-225x150.jpg 225w, https:\/\/www.bueroservice-wendel.de\/wp-content\/uploads\/2014\/08\/Fotolia_61787790_XS-150x100.jpg 150w\" sizes=\"(max-width: 424px) 100vw, 424px\" \/><\/a>Willkommen beim <strong>Schreib- und B\u00fcroservice Wendel<\/strong>! F\u00fcr viele Unternehmen werden die\u00a0Lohnnebenkosten zu hoch, um eine\u00a0B\u00fcrokraft zu besch\u00e4ftigen. Gerade f\u00fcr\u00a0Klein- und Kleinstunternehmen lohnt sich dieser Aufwand oft nicht. Oder Sie sind Freiberufler und haben nur ab und zu etwas zu schreiben? Aber keine Lust, sich selbst an den PC zu setzen, um im Adlersuchsystem zu arbeiten? Ich biete Ihnen eine Alternative: Ich\u00a0erledige f\u00fcr Sie alle anfallenden\u00a0B\u00fcroarbeiten, und Sie m\u00fcssen nur\u00a0bezahlen, was auch wirklich an Arbeit\u00a0anf\u00e4llt. Sie k\u00f6nnen also <strong>hohe\u00a0Lohnnebenkosten sparen<\/strong>, haben aber\u00a0trotzdem eine pers\u00f6nliche Sekret\u00e4rin,\u00a0die Sie nicht st\u00e4ndig wieder neu\u00a0einweisen m\u00fcssen. Die Bezahlung erfolgt\u00a0entweder auf Stundenbasis, auf\u00a0Seitenbasis oder als Pauschalpreis. Gerne unterbreite ich Ihnen ein\u00a0pers\u00f6nliches Angebot.<\/p>\n","protected":false},"excerpt":{"rendered":"<p>Willkommen beim Schreib- und B\u00fcroservice Wendel! F\u00fcr viele Unternehmen werden die\u00a0Lohnnebenkosten zu hoch, um eine\u00a0B\u00fcrokraft zu besch\u00e4ftigen. Gerade f\u00fcr\u00a0Klein- und Kleinstunternehmen lohnt sich dieser Aufwand oft nicht. Oder Sie sind Freiberufler und haben nur ab und zu etwas zu schreiben? Aber keine Lust, sich selbst an den PC zu setzen, \u2026 <a class=\"continue-reading-link\" href=\"https:\/\/www.bueroservice-wendel.de\/\"> Continue reading <span class=\"meta-nav\">&rarr; <\/span><\/a><\/p>\n","protected":false},"author":1,"featured_media":64,"parent":0,"menu_order":0,"comment_status":"closed","ping_status":"closed","template":"","meta":[],"_links":{"self":[{"href":"https:\/\/www.bueroservice-wendel.de\/index.php?rest_route=\/wp\/v2\/pages\/4"}],"collection":[{"href":"https:\/\/www.bueroservice-wendel.de\/index.php?rest_route=\/wp\/v2\/pages"}],"about":[{"href":"https:\/\/www.bueroservice-wendel.de\/index.php?rest_route=\/wp\/v2\/types\/page"}],"author":[{"embeddable":true,"href":"https:\/\/www.bueroservice-wendel.de\/index.php?rest_route=\/wp\/v2\/users\/1"}],"replies":[{"embeddable":true,"href":"https:\/\/www.bueroservice-wendel.de\/index.php?rest_route=%2Fwp%2Fv2%2Fcomments&post=4"}],"version-history":[{"count":6,"href":"https:\/\/www.bueroservice-wendel.de\/index.php?rest_route=\/wp\/v2\/pages\/4\/revisions"}],"predecessor-version":[{"id":70,"href":"https:\/\/www.bueroservice-wendel.de\/index.php?rest_route=\/wp\/v2\/pages\/4\/revisions\/70"}],"wp:featuredmedia":[{"embeddable":true,"href":"https:\/\/www.bueroservice-wendel.de\/index.php?rest_route=\/wp\/v2\/media\/64"}],"wp:attachment":[{"href":"https:\/\/www.bueroservice-wendel.de\/index.php?rest_route=%2Fwp%2Fv2%2Fmedia&parent=4"}],"curies":[{"name":"wp","href":"https:\/\/api.w.org\/{rel}","templated":true}]}}