{"id":28,"date":"2014-09-05T07:55:55","date_gmt":"2014-09-05T05:55:55","guid":{"rendered":"http:\/\/www.bueroservice-wendel.de\/?page_id=28"},"modified":"2015-06-17T16:06:17","modified_gmt":"2015-06-17T14:06:17","slug":"kontakt","status":"publish","type":"page","link":"https:\/\/www.bueroservice-wendel.de\/?page_id=28","title":{"rendered":"Kontakt"},"content":{"rendered":"<p><a href=\"http:\/\/www.bueroservice-wendel.de\/wp-content\/uploads\/2014\/08\/Fotolia_68070138_XS.jpg\"><img loading=\"lazy\" class=\"alignleft size-full wp-image-65\" src=\"http:\/\/www.bueroservice-wendel.de\/wp-content\/uploads\/2014\/08\/Fotolia_68070138_XS.jpg\" alt=\"Fotolia_68070138_XS\" width=\"410\" height=\"293\" srcset=\"https:\/\/www.bueroservice-wendel.de\/wp-content\/uploads\/2014\/08\/Fotolia_68070138_XS.jpg 410w, https:\/\/www.bueroservice-wendel.de\/wp-content\/uploads\/2014\/08\/Fotolia_68070138_XS-300x214.jpg 300w, https:\/\/www.bueroservice-wendel.de\/wp-content\/uploads\/2014\/08\/Fotolia_68070138_XS-210x150.jpg 210w, https:\/\/www.bueroservice-wendel.de\/wp-content\/uploads\/2014\/08\/Fotolia_68070138_XS-150x107.jpg 150w\" sizes=\"(max-width: 410px) 100vw, 410px\" \/><\/a>Kontakt:<\/p>\n<p>So erreichen Sie mich:<\/p>\n<p>Schreib- und B\u00fcroservice<br \/>\nSabine Wendel<br \/>\nAckerstra\u00dfe 17<br \/>\n26121 Oldenburg<\/p>\n<p>Tel. 0441-81177<\/p>\n<p>Arbeitszeit: Mo.-Fr. 08.00 -17.00 Uhr<\/p>\n<p>Vor allem nachmittags bin ich oft bei Kunden unterwegs. In diesen F\u00e4llen ist das Telefon nicht besetzt. Ein Service an den Kunden vor Ort. Auch Sie w\u00fcrden w\u00fcnschen, dass meine Aufmerksamkeit w\u00e4hrend meiner Arbeitszeit bei Ihnen ungeteilt ist. Bitte hinterlassen Sie in diesen F\u00e4llen eine Nachricht auf meiner Mail-Box oder\u00a0nutzen Sie\u00a0mein Kontaktformular.<\/p>\n<p>Anrufe au\u00dferhalb der Arbeitszeit werden u.U. auch entgegen genommen. Bitte versuchen Sie es einfach!<\/p>\n<p><strong>Kontaktformular:<\/strong><\/p>\n<div role=\"form\" class=\"wpcf7\" id=\"wpcf7-f46-o1\" lang=\"de-DE\" dir=\"ltr\">\n<div class=\"screen-reader-response\"><p role=\"status\" aria-live=\"polite\" aria-atomic=\"true\"><\/p> <ul><\/ul><\/div>\n<form action=\"\/index.php?rest_route=%2Fwp%2Fv2%2Fpages%2F28#wpcf7-f46-o1\" method=\"post\" class=\"wpcf7-form init\" novalidate=\"novalidate\" data-status=\"init\">\n<div style=\"display: none;\">\n<input type=\"hidden\" name=\"_wpcf7\" value=\"46\" \/>\n<input type=\"hidden\" name=\"_wpcf7_version\" value=\"5.3.2\" \/>\n<input type=\"hidden\" name=\"_wpcf7_locale\" value=\"de_DE\" \/>\n<input type=\"hidden\" name=\"_wpcf7_unit_tag\" value=\"wpcf7-f46-o1\" \/>\n<input type=\"hidden\" name=\"_wpcf7_container_post\" value=\"0\" \/>\n<input type=\"hidden\" name=\"_wpcf7_posted_data_hash\" value=\"\" \/>\n<\/div>\n<p>Ihr Name (Pflichtfeld)<br \/>\n    <span class=\"wpcf7-form-control-wrap your-name\"><input type=\"text\" name=\"your-name\" value=\"\" size=\"40\" class=\"wpcf7-form-control wpcf7-text wpcf7-validates-as-required\" aria-required=\"true\" aria-invalid=\"false\" \/><\/span> <\/p>\n<p>Ihre Adresse<br \/>\n    <span class=\"wpcf7-form-control-wrap your-adress\"><textarea name=\"your-adress\" cols=\"40\" rows=\"2\" class=\"wpcf7-form-control wpcf7-textarea\" aria-invalid=\"false\"><\/textarea><\/span>  <\/p>\n<p>Ihre E-Mail-Adresse (Pflichtfeld)<br \/>\n    <span class=\"wpcf7-form-control-wrap your-email\"><input type=\"email\" name=\"your-email\" value=\"\" size=\"40\" class=\"wpcf7-form-control wpcf7-text wpcf7-email wpcf7-validates-as-required wpcf7-validates-as-email\" aria-required=\"true\" aria-invalid=\"false\" \/><\/span> <\/p>\n<p>Ihre Telefonnummer<br \/>\n    <span class=\"wpcf7-form-control-wrap your-tel\"><input type=\"tel\" name=\"your-tel\" value=\"\" size=\"40\" class=\"wpcf7-form-control wpcf7-text wpcf7-tel wpcf7-validates-as-tel\" aria-invalid=\"false\" \/><\/span><\/p>\n<p>Ihre Faxnummer<br \/>\n    <span class=\"wpcf7-form-control-wrap your-fax\"><input type=\"tel\" name=\"your-fax\" value=\"\" size=\"40\" class=\"wpcf7-form-control wpcf7-text wpcf7-tel wpcf7-validates-as-tel\" aria-invalid=\"false\" \/><\/span><\/p>\n<p>Betreff<br \/>\n    <span class=\"wpcf7-form-control-wrap your-subject\"><input type=\"text\" name=\"your-subject\" value=\"\" size=\"40\" class=\"wpcf7-form-control wpcf7-text\" aria-invalid=\"false\" \/><\/span> <\/p>\n<p>Ihre Nachricht<br \/> <span class=\"wpcf7-form-control-wrap your-message\"><textarea name=\"your-message\" cols=\"40\" rows=\"5\" class=\"wpcf7-form-control wpcf7-textarea\" aria-invalid=\"false\"><\/textarea><\/span> <\/p>\n<p><input type=\"hidden\" name=\"_wpcf7_captcha_challenge_captcha-117\" value=\"3527233343\" \/><img class=\"wpcf7-form-control wpcf7-captchac wpcf7-captcha-captcha-117\" width=\"72\" height=\"24\" alt=\"captcha\" src=\"https:\/\/www.bueroservice-wendel.de\/wp-content\/uploads\/wpcf7_captcha\/3527233343.png\" \/> Bitte eingeben:<br \/><span class=\"wpcf7-form-control-wrap captcha-117\"><input type=\"text\" name=\"captcha-117\" value=\"\" size=\"40\" class=\"wpcf7-form-control wpcf7-captchar\" autocomplete=\"off\" aria-invalid=\"false\" \/><\/span><\/p>\n<p><input type=\"submit\" value=\"Senden\" class=\"wpcf7-form-control wpcf7-submit\" \/><\/p>\n<div class=\"wpcf7-response-output\" aria-hidden=\"true\"><\/div><\/form><\/div>\n","protected":false},"excerpt":{"rendered":"<p>Kontakt: So erreichen Sie mich: Schreib- und B\u00fcroservice Sabine Wendel Ackerstra\u00dfe 17 26121 Oldenburg Tel. 0441-81177 Arbeitszeit: Mo.-Fr. 08.00 -17.00 Uhr Vor allem nachmittags bin ich oft bei Kunden unterwegs. In diesen F\u00e4llen ist das Telefon nicht besetzt. Ein Service an den Kunden vor Ort. Auch Sie w\u00fcrden w\u00fcnschen, dass \u2026 <a class=\"continue-reading-link\" href=\"https:\/\/www.bueroservice-wendel.de\/?page_id=28\"> Continue reading <span class=\"meta-nav\">&rarr; <\/span><\/a><\/p>\n","protected":false},"author":1,"featured_media":0,"parent":0,"menu_order":0,"comment_status":"closed","ping_status":"closed","template":"","meta":[],"_links":{"self":[{"href":"https:\/\/www.bueroservice-wendel.de\/index.php?rest_route=\/wp\/v2\/pages\/28"}],"collection":[{"href":"https:\/\/www.bueroservice-wendel.de\/index.php?rest_route=\/wp\/v2\/pages"}],"about":[{"href":"https:\/\/www.bueroservice-wendel.de\/index.php?rest_route=\/wp\/v2\/types\/page"}],"author":[{"embeddable":true,"href":"https:\/\/www.bueroservice-wendel.de\/index.php?rest_route=\/wp\/v2\/users\/1"}],"replies":[{"embeddable":true,"href":"https:\/\/www.bueroservice-wendel.de\/index.php?rest_route=%2Fwp%2Fv2%2Fcomments&post=28"}],"version-history":[{"count":9,"href":"https:\/\/www.bueroservice-wendel.de\/index.php?rest_route=\/wp\/v2\/pages\/28\/revisions"}],"predecessor-version":[{"id":71,"href":"https:\/\/www.bueroservice-wendel.de\/index.php?rest_route=\/wp\/v2\/pages\/28\/revisions\/71"}],"wp:attachment":[{"href":"https:\/\/www.bueroservice-wendel.de\/index.php?rest_route=%2Fwp%2Fv2%2Fmedia&parent=28"}],"curies":[{"name":"wp","href":"https:\/\/api.w.org\/{rel}","templated":true}]}}