{"id":21,"date":"2014-09-05T07:23:12","date_gmt":"2014-09-05T05:23:12","guid":{"rendered":"http:\/\/www.bueroservice-wendel.de\/?page_id=21"},"modified":"2023-04-02T10:00:37","modified_gmt":"2023-04-02T08:00:37","slug":"referenzen","status":"publish","type":"page","link":"https:\/\/www.bueroservice-wendel.de\/?page_id=21","title":{"rendered":"Referenzen"},"content":{"rendered":"<p style=\"text-align: center;\"><a href=\"http:\/\/www.bueroservice-wendel.de\/wp-content\/uploads\/2014\/08\/Fotolia_69660580_XS.jpg\"><img loading=\"lazy\" class=\" size-full wp-image-66 aligncenter\" src=\"http:\/\/www.bueroservice-wendel.de\/wp-content\/uploads\/2014\/08\/Fotolia_69660580_XS.jpg\" alt=\"Fotolia_69660580_XS\" width=\"424\" height=\"283\" srcset=\"https:\/\/www.bueroservice-wendel.de\/wp-content\/uploads\/2014\/08\/Fotolia_69660580_XS.jpg 424w, https:\/\/www.bueroservice-wendel.de\/wp-content\/uploads\/2014\/08\/Fotolia_69660580_XS-300x200.jpg 300w, https:\/\/www.bueroservice-wendel.de\/wp-content\/uploads\/2014\/08\/Fotolia_69660580_XS-225x150.jpg 225w, https:\/\/www.bueroservice-wendel.de\/wp-content\/uploads\/2014\/08\/Fotolia_69660580_XS-150x100.jpg 150w\" sizes=\"(max-width: 424px) 100vw, 424px\" \/><\/a><\/p>\n<p style=\"text-align: center;\">F\u00fcr diese Kunden lag oder liegt eine langj\u00e4hrige Zusammenarbeit vor:<\/p>\n<p style=\"text-align: center;\">Dr. med. <strong>Konstantin Karyofilis<\/strong>, forensich-psychiatrischer Sachverst\u00e4ndiger, Oldenburg<\/p>\n<p style=\"text-align: center;\">Dr. med. <strong>Jan Kunstreich<\/strong>, forensisch-psychiatrischer Sachverst\u00e4ndiger, Oldenburg<\/p>\n<p style=\"text-align: center;\">Dr. med.<strong> Stefan Fels<\/strong>, Oldenburg<\/p>\n<p style=\"text-align: center;\">Frau Diplom-Psychologin <strong>Margarete Pilotek<\/strong>, psychologische Sachverst\u00e4ndige, Bad Zwischenahn<\/p>\n<p style=\"text-align: center;\"><strong>Linstep<\/strong> Software GmbH, Oldenburg<\/p>\n<p style=\"text-align: center;\"><b>Zentegra <\/b>gGmbH, Oldenburg<\/p>\n<p style=\"text-align: center;\"><strong>Krimi und Event GbR, <\/strong>Oldenburg (Gesch\u00e4ftsf\u00fchrung)<\/p>\n<p style=\"text-align: center;\"><strong>Hilke L\u00fcder<\/strong>, \u00c4rztin f\u00fcr Manuelle Therapie, Oldenburg<\/p>\n<p style=\"text-align: center;\">Dr. med. <strong>Andree Weitzel<\/strong>, forensisch-psychiatrischer Sachverst\u00e4ndiger, Oldenburg<\/p>\n<p style=\"text-align: center;\"><strong>Kulturetage<\/strong>, Oldenburg<\/p>\n<p style=\"text-align: center;\">u.v.m.<\/p>\n","protected":false},"excerpt":{"rendered":"<p>F\u00fcr diese Kunden lag oder liegt eine langj\u00e4hrige Zusammenarbeit vor: Dr. med. Konstantin Karyofilis, forensich-psychiatrischer Sachverst\u00e4ndiger, Oldenburg Dr. med. Jan Kunstreich, forensisch-psychiatrischer Sachverst\u00e4ndiger, Oldenburg Dr. med. Stefan Fels, Oldenburg Frau Diplom-Psychologin Margarete Pilotek, psychologische Sachverst\u00e4ndige, Bad Zwischenahn Linstep Software GmbH, Oldenburg Zentegra gGmbH, Oldenburg Krimi und Event GbR, Oldenburg (Gesch\u00e4ftsf\u00fchrung) \u2026 <a class=\"continue-reading-link\" href=\"https:\/\/www.bueroservice-wendel.de\/?page_id=21\"> Continue reading <span class=\"meta-nav\">&rarr; <\/span><\/a><\/p>\n","protected":false},"author":1,"featured_media":0,"parent":0,"menu_order":0,"comment_status":"closed","ping_status":"closed","template":"","meta":[],"_links":{"self":[{"href":"https:\/\/www.bueroservice-wendel.de\/index.php?rest_route=\/wp\/v2\/pages\/21"}],"collection":[{"href":"https:\/\/www.bueroservice-wendel.de\/index.php?rest_route=\/wp\/v2\/pages"}],"about":[{"href":"https:\/\/www.bueroservice-wendel.de\/index.php?rest_route=\/wp\/v2\/types\/page"}],"author":[{"embeddable":true,"href":"https:\/\/www.bueroservice-wendel.de\/index.php?rest_route=\/wp\/v2\/users\/1"}],"replies":[{"embeddable":true,"href":"https:\/\/www.bueroservice-wendel.de\/index.php?rest_route=%2Fwp%2Fv2%2Fcomments&post=21"}],"version-history":[{"count":8,"href":"https:\/\/www.bueroservice-wendel.de\/index.php?rest_route=\/wp\/v2\/pages\/21\/revisions"}],"predecessor-version":[{"id":153,"href":"https:\/\/www.bueroservice-wendel.de\/index.php?rest_route=\/wp\/v2\/pages\/21\/revisions\/153"}],"wp:attachment":[{"href":"https:\/\/www.bueroservice-wendel.de\/index.php?rest_route=%2Fwp%2Fv2%2Fmedia&parent=21"}],"curies":[{"name":"wp","href":"https:\/\/api.w.org\/{rel}","templated":true}]}}